{"id":5464,"date":"2018-05-17T13:05:34","date_gmt":"2018-05-17T13:05:34","guid":{"rendered":"http:\/\/dessau.select-themes.com\/?page_id=1459"},"modified":"2018-05-17T13:05:34","modified_gmt":"2018-05-17T13:05:34","slug":"fullscreen-projects","status":"publish","type":"page","link":"http:\/\/lesnianski.com\/?page_id=5464","title":{"rendered":"Fullscreen Projects"},"content":{"rendered":"<p>[vc_row][vc_column]<div class=\"qodef-portfolio-full-screen-slider-holder\"><div class=\"qodef-portfolio-list-holder qodef-grid-list qodef-pl-gallery qodef-one-columns qodef-no-space qodef-pl-full-screen    qodef-pl-pag-standard     qodef-pag-on-slider \"  data-type=gallery data-number-of-columns=one data-space-between-items=no data-number-of-items=-1 data-image-proportions=full data-enable-fixed-proportions=no data-enable-image-shadow=no data-tag=educational-building data-orderby=date data-order=ASC data-item-style=full-screen data-enable-title=yes data-title-tag=h6 data-title-text-transform=uppercase data-enable-category=yes data-enable-count-images=yes data-enable-excerpt=yes data-excerpt-length=300 data-pagination-type=standard data-filter=no data-filter-order-by=name data-enable-article-animation=no data-portfolio-slider-on=yes data-enable-loop=yes data-enable-autoplay=np data-slider-speed=5000 data-slider-speed-animation=600 data-enable-navigation=no data-enable-pagination=yes data-pagination-position=on-slider data-enable-mousewheel-scroll=yes data-max-num-pages=0 data-next-page=2>\n\t\t<div class=\"qodef-pl-inner qodef-outer-space qodef-pfs-slider clearfix\">\n                    <div class=\"swiper-container\"><div class=\"swiper-wrapper\">\n                \t\t<article class=\"qodef-pl-item qodef-item-space qodef-light-header swiper-slide  post-5466 portfolio-item type-portfolio-item status-publish has-post-thumbnail hentry portfolio-category-3d-modeling portfolio-tag-educational-building\">\n\t<div class=\"qodef-pl-item-inner\">\n\t\t<div class=\"qodef-pli-image\" style=\"background-image:url(http:\/\/lesnianski.com\/wp-content\/uploads\/2018\/05\/h7-port-slider-img-1.jpg)\"><\/div>\n<div class=\"qodef-pli-text-holder\">\n\t<div class=\"qodef-pli-text-wrapper\">\n\t\t<div class=\"qodef-pli-text\">\n\t\t\t<div class=\"qodef-pli-text-inner\">\n\t\t\t\t<a class=\"qodef-pli-up-arrow\" href=\"#\"><i class=\"fa fa fa-chevron-up\"><\/i><\/a>\n\t\t\t\t<h2 itemprop=\"name\" class=\"qodef-pli-title entry-title\"><a href=\"http:\/\/lesnianski.com\/?portfolio-item=high-school\">High School<\/a><\/h2>\n\t\t\t\t\n\t\t\t\t<div class=\"qodef-pli-category\">\n\t\t\t\t\t                        <a itemprop=\"url\" href=\"http:\/\/lesnianski.com\/?portfolio-category=3d-modeling\">3d Modeling<\/a>\n\t\t\t\t\t                <\/div>\n\t\t\t\t\n\t\t\t\t<div class=\"qodef-pli-info-holder\">\n\t\t\t\t\t\t<p itemprop=\"description\" class=\"qodef-pli-excerpt\">Lorem ipsum dolor sit amet, consectetuer adipiscing elit. Aenean commodo ligula eget dolor. Aenean massa. Cum sociis Theme natoque penatibus et magnis dis parturient montes, nascetur ridiculus mus. Lorem ipsum proin gravida nibh vel velit auctor aliquet. Aenean sollicitudin, lorem auci elit consequa<\/p>\n\n                    \t\t\t\t\t\t<div class=\"qodef-pli-category-info qodef-pli-info\">\n\t\t\t\t\t\t\t<h5 class=\"qodef-pli-info-title\">Category:<\/h5>\n\t\t\t\t\t\t\t<p>\n\t\t\t\t\t\t\t\t\t\t\t\t\t\t\t\t\t<a itemprop=\"url\" href=\"http:\/\/lesnianski.com\/?portfolio-category=3d-modeling\">3d Modeling<\/a>\n\t\t\t\t\t\t\t\t\t\t\t\t\t\t\t<\/p>\n\t\t\t\t\t\t<\/div>\n\t\t\t\t\t\t\t\t\t\t\n\t\t\t\t\t<div class=\"qodef-pli-date-info qodef-pli-info\">\n\t\t\t\t\t\t<h5 class=\"qodef-pli-info-title\">Date:<\/h5>\n\t\t\t\t\t\t<p>17 maja 2018<\/p>\n\t\t\t\t\t<\/div>\n\t\t\t\t\t\n\t\t\t\t\t\t\t\t\t\t\t<div class=\"qodef-pli-tag-info qodef-pli-info\">\n\t\t\t\t\t\t\t<h5 class=\"qodef-pli-info-title\">Tag:<\/h5>\n\t\t\t\t\t\t\t<p>\n\t\t\t\t\t\t\t\t\t\t\t\t\t\t\t\t\t<a itemprop=\"url\" href=\"http:\/\/lesnianski.com\/?portfolio-tag=educational-building\">Educational Building<\/a>\n\t\t\t\t\t\t\t\t\t\t\t\t\t\t\t<\/p>\n\t\t\t\t\t\t<\/div>\n\t\t\t\t\t\t\t\t\t\t\n\t\t\t\t\t\t\t\t\t\t\t<div class=\"qodef-pli-share-info qodef-pli-info\">\n\t\t\t\t\t\t\t<h4 class=\"qodef-pli-share-title\">Share<\/h4>\n\t\t\t\t\t\t\t<div class=\"qodef-social-share-holder qodef-list\">\n\t\t<ul>\n\t\t<li class=\"qodef-facebook-share\">\n\t<a itemprop=\"url\" class=\"qodef-share-link\" href=\"#\" onclick=\"window.open(&#039;http:\/\/www.facebook.com\/sharer.php?u=http%3A%2F%2Flesnianski.com%2F%3Fportfolio-item%3Dhigh-school&#039;, &#039;sharer&#039;, &#039;toolbar=0,status=0,width=620,height=280&#039;);\">\n\t\t\t\t\t<img decoding=\"async\" itemprop=\"image\" src=\"http:\/\/lesnianski.com\/wp-content\/uploads\/2021\/08\/LOGO_1.jpg\" alt=\"facebook\" \/>\n\t\t\t<\/a>\n<\/li>\t<\/ul>\n<\/div>\t\t\t\t\t\t<\/div>\n\t\t\t\t\t\t\t\t\t<\/div>\n\t\t\t<\/div>\n\t\t<\/div>\n\t<\/div>\n<\/div>\n\t\t<a itemprop=\"url\" class=\"qodef-pli-link qodef-block-drag-link\" href=\"http:\/\/lesnianski.com\/?portfolio-item=high-school\" target=\"_self\"><\/a>\n\t<\/div>\n<\/article><article class=\"qodef-pl-item qodef-item-space qodef-dark-header swiper-slide  post-5467 portfolio-item type-portfolio-item status-publish has-post-thumbnail hentry portfolio-category-cultural portfolio-tag-educational-building\">\n\t<div class=\"qodef-pl-item-inner\">\n\t\t<div class=\"qodef-pli-image\" style=\"background-image:url(http:\/\/lesnianski.com\/wp-content\/uploads\/2018\/05\/h7-port-slider-img-2.jpg)\"><\/div>\n<div class=\"qodef-pli-text-holder\">\n\t<div class=\"qodef-pli-text-wrapper\">\n\t\t<div class=\"qodef-pli-text\">\n\t\t\t<div class=\"qodef-pli-text-inner\">\n\t\t\t\t<a class=\"qodef-pli-up-arrow\" href=\"#\"><i class=\"fa fa fa-chevron-up\"><\/i><\/a>\n\t\t\t\t<h2 itemprop=\"name\" class=\"qodef-pli-title entry-title\"><a href=\"http:\/\/lesnianski.com\/?portfolio-item=cultural-center\">Cultural Center<\/a><\/h2>\n\t\t\t\t\n\t\t\t\t<div class=\"qodef-pli-category\">\n\t\t\t\t\t                        <a itemprop=\"url\" href=\"http:\/\/lesnianski.com\/?portfolio-category=cultural\">Cultural<\/a>\n\t\t\t\t\t                <\/div>\n\t\t\t\t\n\t\t\t\t<div class=\"qodef-pli-info-holder\">\n\t\t\t\t\t\t<p itemprop=\"description\" class=\"qodef-pli-excerpt\">Lorem ipsum dolor sit amet, consectetuer adipiscing elit. Aenean commodo ligula eget dolor. Aenean massa. Cum sociis Theme natoque penatibus et magnis dis parturient montes, nascetur ridiculus mus. Lorem ipsum proin gravida nibh vel velit auctor aliquet. Aenean sollicitudin, lorem auci elit consequa<\/p>\n\n                    \t\t\t\t\t\t<div class=\"qodef-pli-category-info qodef-pli-info\">\n\t\t\t\t\t\t\t<h5 class=\"qodef-pli-info-title\">Category:<\/h5>\n\t\t\t\t\t\t\t<p>\n\t\t\t\t\t\t\t\t\t\t\t\t\t\t\t\t\t<a itemprop=\"url\" href=\"http:\/\/lesnianski.com\/?portfolio-category=cultural\">Cultural<\/a>\n\t\t\t\t\t\t\t\t\t\t\t\t\t\t\t<\/p>\n\t\t\t\t\t\t<\/div>\n\t\t\t\t\t\t\t\t\t\t\n\t\t\t\t\t<div class=\"qodef-pli-date-info qodef-pli-info\">\n\t\t\t\t\t\t<h5 class=\"qodef-pli-info-title\">Date:<\/h5>\n\t\t\t\t\t\t<p>17 maja 2018<\/p>\n\t\t\t\t\t<\/div>\n\t\t\t\t\t\n\t\t\t\t\t\t\t\t\t\t\t<div class=\"qodef-pli-tag-info qodef-pli-info\">\n\t\t\t\t\t\t\t<h5 class=\"qodef-pli-info-title\">Tag:<\/h5>\n\t\t\t\t\t\t\t<p>\n\t\t\t\t\t\t\t\t\t\t\t\t\t\t\t\t\t<a itemprop=\"url\" href=\"http:\/\/lesnianski.com\/?portfolio-tag=educational-building\">Educational Building<\/a>\n\t\t\t\t\t\t\t\t\t\t\t\t\t\t\t<\/p>\n\t\t\t\t\t\t<\/div>\n\t\t\t\t\t\t\t\t\t\t\n\t\t\t\t\t\t\t\t\t\t\t<div class=\"qodef-pli-share-info qodef-pli-info\">\n\t\t\t\t\t\t\t<h4 class=\"qodef-pli-share-title\">Share<\/h4>\n\t\t\t\t\t\t\t<div class=\"qodef-social-share-holder qodef-list\">\n\t\t<ul>\n\t\t<li class=\"qodef-facebook-share\">\n\t<a itemprop=\"url\" class=\"qodef-share-link\" href=\"#\" onclick=\"window.open(&#039;http:\/\/www.facebook.com\/sharer.php?u=http%3A%2F%2Flesnianski.com%2F%3Fportfolio-item%3Dcultural-center&#039;, &#039;sharer&#039;, &#039;toolbar=0,status=0,width=620,height=280&#039;);\">\n\t\t\t\t\t<img decoding=\"async\" itemprop=\"image\" src=\"http:\/\/lesnianski.com\/wp-content\/uploads\/2021\/08\/LOGO_1.jpg\" alt=\"facebook\" \/>\n\t\t\t<\/a>\n<\/li>\t<\/ul>\n<\/div>\t\t\t\t\t\t<\/div>\n\t\t\t\t\t\t\t\t\t<\/div>\n\t\t\t<\/div>\n\t\t<\/div>\n\t<\/div>\n<\/div>\n\t\t<a itemprop=\"url\" class=\"qodef-pli-link qodef-block-drag-link\" href=\"http:\/\/lesnianski.com\/?portfolio-item=cultural-center\" target=\"_self\"><\/a>\n\t<\/div>\n<\/article><article class=\"qodef-pl-item qodef-item-space qodef-light-header swiper-slide  post-5468 portfolio-item type-portfolio-item status-publish has-post-thumbnail hentry portfolio-category-public portfolio-tag-educational-building\">\n\t<div class=\"qodef-pl-item-inner\">\n\t\t<div class=\"qodef-pli-image\" style=\"background-image:url(http:\/\/lesnianski.com\/wp-content\/uploads\/2018\/05\/h7-port-slider-img-3.jpg)\"><\/div>\n<div class=\"qodef-pli-text-holder\">\n\t<div class=\"qodef-pli-text-wrapper\">\n\t\t<div class=\"qodef-pli-text\">\n\t\t\t<div class=\"qodef-pli-text-inner\">\n\t\t\t\t<a class=\"qodef-pli-up-arrow\" href=\"#\"><i class=\"fa fa fa-chevron-up\"><\/i><\/a>\n\t\t\t\t<h2 itemprop=\"name\" class=\"qodef-pli-title entry-title\"><a href=\"http:\/\/lesnianski.com\/?portfolio-item=creative-hub\">Creative Hub<\/a><\/h2>\n\t\t\t\t\n\t\t\t\t<div class=\"qodef-pli-category\">\n\t\t\t\t\t                        <a itemprop=\"url\" href=\"http:\/\/lesnianski.com\/?portfolio-category=public\">Public<\/a>\n\t\t\t\t\t                <\/div>\n\t\t\t\t\n\t\t\t\t<div class=\"qodef-pli-info-holder\">\n\t\t\t\t\t\t<p itemprop=\"description\" class=\"qodef-pli-excerpt\">Lorem ipsum dolor sit amet, consectetuer adipiscing elit. Aenean commodo ligula eget dolor. Aenean massa. Cum sociis Theme natoque penatibus et magnis dis parturient montes, nascetur ridiculus mus. Lorem ipsum proin gravida nibh vel velit auctor aliquet. Aenean sollicitudin, lorem auci elit consequa<\/p>\n\n                    \t\t\t\t\t\t<div class=\"qodef-pli-category-info qodef-pli-info\">\n\t\t\t\t\t\t\t<h5 class=\"qodef-pli-info-title\">Category:<\/h5>\n\t\t\t\t\t\t\t<p>\n\t\t\t\t\t\t\t\t\t\t\t\t\t\t\t\t\t<a itemprop=\"url\" href=\"http:\/\/lesnianski.com\/?portfolio-category=public\">Public<\/a>\n\t\t\t\t\t\t\t\t\t\t\t\t\t\t\t<\/p>\n\t\t\t\t\t\t<\/div>\n\t\t\t\t\t\t\t\t\t\t\n\t\t\t\t\t<div class=\"qodef-pli-date-info qodef-pli-info\">\n\t\t\t\t\t\t<h5 class=\"qodef-pli-info-title\">Date:<\/h5>\n\t\t\t\t\t\t<p>17 maja 2018<\/p>\n\t\t\t\t\t<\/div>\n\t\t\t\t\t\n\t\t\t\t\t\t\t\t\t\t\t<div class=\"qodef-pli-tag-info qodef-pli-info\">\n\t\t\t\t\t\t\t<h5 class=\"qodef-pli-info-title\">Tag:<\/h5>\n\t\t\t\t\t\t\t<p>\n\t\t\t\t\t\t\t\t\t\t\t\t\t\t\t\t\t<a itemprop=\"url\" href=\"http:\/\/lesnianski.com\/?portfolio-tag=educational-building\">Educational Building<\/a>\n\t\t\t\t\t\t\t\t\t\t\t\t\t\t\t<\/p>\n\t\t\t\t\t\t<\/div>\n\t\t\t\t\t\t\t\t\t\t\n\t\t\t\t\t\t\t\t\t\t\t<div class=\"qodef-pli-share-info qodef-pli-info\">\n\t\t\t\t\t\t\t<h4 class=\"qodef-pli-share-title\">Share<\/h4>\n\t\t\t\t\t\t\t<div class=\"qodef-social-share-holder qodef-list\">\n\t\t<ul>\n\t\t<li class=\"qodef-facebook-share\">\n\t<a itemprop=\"url\" class=\"qodef-share-link\" href=\"#\" onclick=\"window.open(&#039;http:\/\/www.facebook.com\/sharer.php?u=http%3A%2F%2Flesnianski.com%2F%3Fportfolio-item%3Dcreative-hub&#039;, &#039;sharer&#039;, &#039;toolbar=0,status=0,width=620,height=280&#039;);\">\n\t\t\t\t\t<img decoding=\"async\" itemprop=\"image\" src=\"http:\/\/lesnianski.com\/wp-content\/uploads\/2021\/08\/LOGO_1.jpg\" alt=\"facebook\" \/>\n\t\t\t<\/a>\n<\/li>\t<\/ul>\n<\/div>\t\t\t\t\t\t<\/div>\n\t\t\t\t\t\t\t\t\t<\/div>\n\t\t\t<\/div>\n\t\t<\/div>\n\t<\/div>\n<\/div>\n\t\t<a itemprop=\"url\" class=\"qodef-pli-link qodef-block-drag-link\" href=\"http:\/\/lesnianski.com\/?portfolio-item=creative-hub\" target=\"_self\"><\/a>\n\t<\/div>\n<\/article>\t\t                <\/div><\/div>\n                            <div class=\"swiper-pagination\"><\/div>\n                    <div id=\"qodef-ptf-info-block\">\n            <div class=\"qodef-pli-text-holder\">\n                <div class=\"qodef-pli-text-wrapper\">\n                    <div class=\"qodef-pli-text\">\n                        <a class=\"qodef-pli-up-arrow\" href=\"#\"><i class=\"lnr lnr-chevron-left \"><\/i><\/a>\n                        <div class=\"qodef-pli-text-inner\">\n                            <h2 itemprop=\"name\" class=\"qodef-pli-title entry-title\"><\/h2>\n                            <div class=\"qodef-pli-cat\"><\/div>\n                            <div class=\"qodef-pli-info-holder\">\n                                <div class=\"qodef-pli-category-info qodef-pli-info\">\n                                    <h5 class=\"qodef-pli-info-title\">Category:<\/h5>\n                                    <p><a itemprop=\"url\" href=\"#\"><\/a><\/p>\n                                <\/div>\n                                <div class=\"qodef-pli-date-info qodef-pli-info\">\n                                    <h5 class=\"qodef-pli-info-title\">Date:<\/h5>\n                                    <p><\/p>\n                                <\/div>\n                                <div class=\"qodef-pli-tag-info qodef-pli-info\">\n                                    <h5 class=\"qodef-pli-info-title\">Tag:<\/h5>\n                                    <p><a itemprop=\"url\" href=\"#\"><\/a><\/p>\n                                <\/div>\n                                <p itemprop=\"description\" class=\"qodef-pli-excerpt\"><\/p>\n                                <div class=\"qodef-pli-share-info qodef-pli-info\">\n                                    <div class=\"qodef-social-share-holder qodef-list\">\n                                        <ul>\n                                        <\/ul>\n                                    <\/div>\n                                <\/div>\n                            <\/div>\n                        <\/div>\n                    <\/div>\n                <\/div>\n            <\/div>\n        <\/div>\n        <\/div>\n\t\n\t<\/div><\/div>[\/vc_column][\/vc_row]<\/p>\n","protected":false},"excerpt":{"rendered":"<p>[vc_row][vc_column][\/vc_column][\/vc_row]<\/p>\n","protected":false},"author":1,"featured_media":0,"parent":0,"menu_order":0,"comment_status":"closed","ping_status":"closed","template":"full-width.php","meta":{"footnotes":""},"class_list":["post-5464","page","type-page","status-publish","hentry"],"yoast_head":"<!-- This site is optimized with the Yoast SEO plugin v22.8 - https:\/\/yoast.com\/wordpress\/plugins\/seo\/ -->\n<title>Fullscreen Projects - Le\u015bnia\u0144ski Projektowanie<\/title>\n<meta name=\"robots\" content=\"index, follow, max-snippet:-1, max-image-preview:large, max-video-preview:-1\" \/>\n<link rel=\"canonical\" href=\"http:\/\/lesnianski.com\/?page_id=5464\" \/>\n<meta property=\"og:locale\" content=\"pl_PL\" \/>\n<meta property=\"og:type\" content=\"article\" \/>\n<meta property=\"og:title\" content=\"Fullscreen Projects - Le\u015bnia\u0144ski Projektowanie\" \/>\n<meta property=\"og:description\" content=\"[vc_row][vc_column][\/vc_column][\/vc_row]\" \/>\n<meta property=\"og:url\" content=\"http:\/\/lesnianski.com\/?page_id=5464\" \/>\n<meta property=\"og:site_name\" content=\"Le\u015bnia\u0144ski Projektowanie\" \/>\n<meta name=\"twitter:card\" content=\"summary_large_image\" \/>\n<script type=\"application\/ld+json\" class=\"yoast-schema-graph\">{\"@context\":\"https:\/\/schema.org\",\"@graph\":[{\"@type\":\"WebPage\",\"@id\":\"http:\/\/lesnianski.com\/?page_id=5464\",\"url\":\"http:\/\/lesnianski.com\/?page_id=5464\",\"name\":\"Fullscreen Projects - Le\u015bnia\u0144ski Projektowanie\",\"isPartOf\":{\"@id\":\"http:\/\/lesnianski.com\/#website\"},\"datePublished\":\"2018-05-17T13:05:34+00:00\",\"dateModified\":\"2018-05-17T13:05:34+00:00\",\"breadcrumb\":{\"@id\":\"http:\/\/lesnianski.com\/?page_id=5464#breadcrumb\"},\"inLanguage\":\"pl-PL\",\"potentialAction\":[{\"@type\":\"ReadAction\",\"target\":[\"http:\/\/lesnianski.com\/?page_id=5464\"]}]},{\"@type\":\"BreadcrumbList\",\"@id\":\"http:\/\/lesnianski.com\/?page_id=5464#breadcrumb\",\"itemListElement\":[{\"@type\":\"ListItem\",\"position\":1,\"name\":\"Strona g\u0142\u00f3wna\",\"item\":\"http:\/\/lesnianski.com\/\"},{\"@type\":\"ListItem\",\"position\":2,\"name\":\"Fullscreen Projects\"}]},{\"@type\":\"WebSite\",\"@id\":\"http:\/\/lesnianski.com\/#website\",\"url\":\"http:\/\/lesnianski.com\/\",\"name\":\"Le\u015bnia\u0144ski Projektowanie\",\"description\":\"Le\u015bnia\u0144ski Projektowanie\",\"potentialAction\":[{\"@type\":\"SearchAction\",\"target\":{\"@type\":\"EntryPoint\",\"urlTemplate\":\"http:\/\/lesnianski.com\/?s={search_term_string}\"},\"query-input\":\"required name=search_term_string\"}],\"inLanguage\":\"pl-PL\"}]}<\/script>\n<!-- \/ Yoast SEO plugin. -->","yoast_head_json":{"title":"Fullscreen Projects - Le\u015bnia\u0144ski Projektowanie","robots":{"index":"index","follow":"follow","max-snippet":"max-snippet:-1","max-image-preview":"max-image-preview:large","max-video-preview":"max-video-preview:-1"},"canonical":"http:\/\/lesnianski.com\/?page_id=5464","og_locale":"pl_PL","og_type":"article","og_title":"Fullscreen Projects - Le\u015bnia\u0144ski Projektowanie","og_description":"[vc_row][vc_column][\/vc_column][\/vc_row]","og_url":"http:\/\/lesnianski.com\/?page_id=5464","og_site_name":"Le\u015bnia\u0144ski Projektowanie","twitter_card":"summary_large_image","schema":{"@context":"https:\/\/schema.org","@graph":[{"@type":"WebPage","@id":"http:\/\/lesnianski.com\/?page_id=5464","url":"http:\/\/lesnianski.com\/?page_id=5464","name":"Fullscreen Projects - Le\u015bnia\u0144ski Projektowanie","isPartOf":{"@id":"http:\/\/lesnianski.com\/#website"},"datePublished":"2018-05-17T13:05:34+00:00","dateModified":"2018-05-17T13:05:34+00:00","breadcrumb":{"@id":"http:\/\/lesnianski.com\/?page_id=5464#breadcrumb"},"inLanguage":"pl-PL","potentialAction":[{"@type":"ReadAction","target":["http:\/\/lesnianski.com\/?page_id=5464"]}]},{"@type":"BreadcrumbList","@id":"http:\/\/lesnianski.com\/?page_id=5464#breadcrumb","itemListElement":[{"@type":"ListItem","position":1,"name":"Strona g\u0142\u00f3wna","item":"http:\/\/lesnianski.com\/"},{"@type":"ListItem","position":2,"name":"Fullscreen Projects"}]},{"@type":"WebSite","@id":"http:\/\/lesnianski.com\/#website","url":"http:\/\/lesnianski.com\/","name":"Le\u015bnia\u0144ski Projektowanie","description":"Le\u015bnia\u0144ski Projektowanie","potentialAction":[{"@type":"SearchAction","target":{"@type":"EntryPoint","urlTemplate":"http:\/\/lesnianski.com\/?s={search_term_string}"},"query-input":"required name=search_term_string"}],"inLanguage":"pl-PL"}]}},"_links":{"self":[{"href":"http:\/\/lesnianski.com\/index.php?rest_route=\/wp\/v2\/pages\/5464","targetHints":{"allow":["GET"]}}],"collection":[{"href":"http:\/\/lesnianski.com\/index.php?rest_route=\/wp\/v2\/pages"}],"about":[{"href":"http:\/\/lesnianski.com\/index.php?rest_route=\/wp\/v2\/types\/page"}],"author":[{"embeddable":true,"href":"http:\/\/lesnianski.com\/index.php?rest_route=\/wp\/v2\/users\/1"}],"replies":[{"embeddable":true,"href":"http:\/\/lesnianski.com\/index.php?rest_route=%2Fwp%2Fv2%2Fcomments&post=5464"}],"version-history":[{"count":0,"href":"http:\/\/lesnianski.com\/index.php?rest_route=\/wp\/v2\/pages\/5464\/revisions"}],"wp:attachment":[{"href":"http:\/\/lesnianski.com\/index.php?rest_route=%2Fwp%2Fv2%2Fmedia&parent=5464"}],"curies":[{"name":"wp","href":"https:\/\/api.w.org\/{rel}","templated":true}]}}