{"id":5465,"date":"2018-05-17T13:58:15","date_gmt":"2018-05-17T13:58:15","guid":{"rendered":"http:\/\/dessau.select-themes.com\/?page_id=1484"},"modified":"2018-05-17T13:58:15","modified_gmt":"2018-05-17T13:58:15","slug":"uncovering-projects","status":"publish","type":"page","link":"http:\/\/lesnianski.com\/?page_id=5465","title":{"rendered":"Uncovering Projects"},"content":{"rendered":"<p>[vc_row equal_height=&#8221;yes&#8221; content_placement=&#8221;middle&#8221; simple_background_color=&#8221;#151515&#8243;][vc_column offset=&#8221;vc_col-lg-8 vc_col-md-offset-0 vc_col-md-7&#8243;]<div class=\"qodef-elements-holder   qodef-one-column  qodef-responsive-mode-768   qodef-eh-uncover qodef-eh-uncover-right\" ><div class=\"qodef-eh-item     \" style=\"background-color: #161616;background-image: url(http:\/\/lesnianski.com\/wp-content\/uploads\/2018\/06\/h8-background-img-1.jpg)\" data-item-class=\"qodef-eh-custom-4383\" data-1366-1600=\"300px 0px\" data-1024-1366=\"300px 0px\" data-768-1024=\"349px 0px \" data-680-768=\"335px 0px\" data-680=\"235px 0px\">\n\t<div class=\"qodef-eh-item-inner\">\n\t\t<div class=\"qodef-eh-item-content qodef-eh-custom-4383\" style=\"padding: 410px 0px\">\n\t\t\t\t\t<\/div>\n\t<\/div>\n<\/div><\/div>[\/vc_column][vc_column offset=&#8221;vc_col-lg-4 vc_col-md-offset-0 vc_col-md-5&#8243; el_class=&#8221;qodef-elements-appear-column&#8221;]<div class=\"qodef-elements-holder   qodef-one-column  qodef-responsive-mode-768   \" ><div class=\"qodef-eh-item     \"  data-item-class=\"qodef-eh-custom-2642\" data-1366-1600=\"114px 110px 114px 70px\" data-1024-1366=\"114px 78px 114px 50px\" data-768-1024=\"124px 83px 55px 18px\" data-680-768=\"144px 229px 144px 120px\" data-680=\"97px 17px \">\n\t<div class=\"qodef-eh-item-inner\">\n\t\t<div class=\"qodef-eh-item-content qodef-eh-custom-2642\" style=\"padding: 115px 262px 115px 70px\">\n\t\t\t<div class=\"qodef-single-image-holder   \">\n    <div class=\"qodef-si-inner\" >\n                                    <img loading=\"lazy\" decoding=\"async\" width=\"74\" height=\"74\" src=\"http:\/\/lesnianski.com\/wp-content\/uploads\/2018\/05\/footer-img-1.png\" class=\"attachment-full size-full\" alt=\"\" srcset=\"http:\/\/lesnianski.com\/wp-content\/uploads\/2018\/05\/footer-img-1.png 74w, http:\/\/lesnianski.com\/wp-content\/uploads\/2018\/05\/footer-img-1-50x50.png 50w\" sizes=\"auto, (max-width: 74px) 100vw, 74px\" \/>                        <\/div>\n<\/div>[vc_empty_space height=&#8221;14px&#8221;][vc_column_text]<\/p>\n<h1><span style=\"color: #ffffff;\">House of the future<\/span><\/h1>\n<p>[\/vc_column_text][vc_empty_space height=&#8221;10px&#8221;][vc_column_text]<span style=\"color: #ffffff;\">Apply now! Contemporary architecture solutions for stylish, urban residences.<\/span>[\/vc_column_text][vc_empty_space height=&#8221;38px&#8221;]<a itemprop=\"url\" href=\"http:\/\/dessau.select-themes.com\/portfolio-item\/white-apartment\/\" target=\"_self\" style=\"color: #151515;background-color: #ffffff\" class=\"qodef-btn qodef-btn-medium qodef-btn-solid qodef-btn-custom-hover-bg qodef-btn-custom-border-hover qodef-btn-custom-hover-color\" data-hover-color=\"#ffffff\" data-hover-bg-color=\"rgba(255,255,255,0.01)\" data-hover-border-color=\"#ffffff\" >\n\t        <span class=\"qodef-btn-text\">View More<\/span>\n            <\/a>\t\t<\/div>\n\t<\/div>\n<\/div><\/div>[\/vc_column][\/vc_row][vc_row equal_height=&#8221;yes&#8221; content_placement=&#8221;middle&#8221;][vc_column offset=&#8221;vc_col-lg-4 vc_col-md-offset-0 vc_col-md-5&#8243; el_class=&#8221;qodef-elements-appear-column&#8221;]<div class=\"qodef-elements-holder   qodef-one-column  qodef-responsive-mode-768   \" ><div class=\"qodef-eh-item     \"  data-item-class=\"qodef-eh-custom-1215\" data-1366-1600=\"0px 48px 29px 50px\" data-1024-1366=\"0px 0px 29px 41px\" data-768-1024=\"0px 19px 30px 45px\" data-680-768=\"177px 75px 206px 118px\" data-680=\"67px 0px 98px 28px\">\n\t<div class=\"qodef-eh-item-inner\">\n\t\t<div class=\"qodef-eh-item-content qodef-eh-custom-1215\" style=\"padding: 0px 75px 0px 118px\">\n\t\t\t[vc_column_text]<\/p>\n<h3>HARMONY OF SHAPES<\/h3>\n<p>[\/vc_column_text][vc_empty_space height=&#8221;5px&#8221;][vc_column_text]Lorem ipsum dolor sit amet, consectetuer adipiscing elit. Aenean commodo ligula eget dolor. Aenean massa. Cum sociis Theme natoque penatibus et magnis dis parturient montes, nascetur ridiculus.[\/vc_column_text][vc_empty_space height=&#8221;27px&#8221;]<a itemprop=\"url\" href=\"http:\/\/dessau.select-themes.com\/portfolio-item\/wooden-house\/\" target=\"_self\" style=\"color: #151515\" class=\"qodef-btn qodef-btn-medium qodef-btn-dessau\"  >\n\t        <div class=\"qodef-btn-plus\">\n            <span class=\"qodef-btn-line-1\"><\/span>\n            <span class=\"qodef-btn-line-2\"><\/span>\n        <\/div>\n\t<\/a>\t\t<\/div>\n\t<\/div>\n<\/div><\/div>[\/vc_column][vc_column offset=&#8221;vc_col-lg-8 vc_col-md-offset-0 vc_col-md-7&#8243;]<div class=\"qodef-elements-holder   qodef-one-column  qodef-responsive-mode-768   qodef-eh-uncover qodef-eh-uncover-left\" ><div class=\"qodef-eh-item     \" style=\"background-color: #ffffff;background-image: url(http:\/\/lesnianski.com\/wp-content\/uploads\/2018\/05\/h8-background-img-2.jpg)\" data-item-class=\"qodef-eh-custom-5450\" data-1366-1600=\"300px 0px\" data-1024-1366=\"300px 0px\" data-768-1024=\"315px 0px\" data-680-768=\"300px 0px\" data-680=\"235px 0px\">\n\t<div class=\"qodef-eh-item-inner\">\n\t\t<div class=\"qodef-eh-item-content qodef-eh-custom-5450\" style=\"padding: 410px 0px\">\n\t\t\t\t\t<\/div>\n\t<\/div>\n<\/div><\/div>[\/vc_column][\/vc_row][vc_row equal_height=&#8221;yes&#8221; content_placement=&#8221;middle&#8221; simple_background_color=&#8221;#151515&#8243;][vc_column offset=&#8221;vc_col-lg-8 vc_col-md-offset-0 vc_col-md-7&#8243;]<div class=\"qodef-elements-holder   qodef-one-column  qodef-responsive-mode-768   qodef-eh-uncover qodef-eh-uncover-right\" ><div class=\"qodef-eh-item     \" style=\"background-color: #161616;background-image: url(http:\/\/lesnianski.com\/wp-content\/uploads\/2018\/05\/h8-background-img-3.jpg)\" data-item-class=\"qodef-eh-custom-7702\" data-1366-1600=\"300px 0px\" data-1024-1366=\"300px 0px\" data-768-1024=\"315px 0px\" data-680-768=\"300px 0px\" data-680=\"235px 0px\">\n\t<div class=\"qodef-eh-item-inner\">\n\t\t<div class=\"qodef-eh-item-content qodef-eh-custom-7702\" style=\"padding: 410px 0px\">\n\t\t\t\t\t<\/div>\n\t<\/div>\n<\/div><\/div>[\/vc_column][vc_column offset=&#8221;vc_col-lg-4 vc_col-md-offset-0 vc_col-md-5&#8243; el_class=&#8221;qodef-elements-appear-column&#8221; css=&#8221;.vc_custom_1528984930317{padding-right: 6% !important;}&#8221;]<div class=\"qodef-elements-holder   qodef-one-column  qodef-responsive-mode-768   \" ><div class=\"qodef-eh-item   qodef-horizontal-alignment-center  \"  data-item-class=\"qodef-eh-custom-5378\" data-1366-1600=\"10px 0px\" data-1024-1366=\"10px 0px\" data-680-768=\"80px 0px \" data-680=\"36px 0px\">\n\t<div class=\"qodef-eh-item-inner\">\n\t\t<div class=\"qodef-eh-item-content qodef-eh-custom-5378\" >\n\t\t\t<div class=\"qodef-clients-grid-holder qodef-grid-list qodef-disable-bottom-space qodef-two-columns qodef-tiny-space  qodef-cc-hover-switch-images\">\n\t<div class=\"qodef-cg-inner qodef-outer-space\">\n\t\t<div class=\"qodef-cc-item qodef-item-space qodef-cci-has-link\">\n\t\t\t<a itemprop=\"url\" class=\"qodef-cc-link qodef-block-drag-link\" href=\"#\" target=\"_self\">\n\t\t\t\t\t\t<img decoding=\"async\" itemprop=\"image\" class=\"qodef-cc-image\" src=\"http:\/\/lesnianski.com\/wp-content\/uploads\/2018\/06\/h8-client-1.png\" alt=\"w\" \/>\n\t\t\t\t\t\t\t<img decoding=\"async\" itemprop=\"image\" class=\"qodef-cc-hover-image\" src=\"http:\/\/lesnianski.com\/wp-content\/uploads\/2018\/06\/h8-client-1-hover.png\" alt=\"a\" \/>\n\t\t\t\t\t<\/a>\n\t<\/div><div class=\"qodef-cc-item qodef-item-space qodef-cci-has-link\">\n\t\t\t<a itemprop=\"url\" class=\"qodef-cc-link qodef-block-drag-link\" href=\"#\" target=\"_self\">\n\t\t\t\t\t\t<img decoding=\"async\" itemprop=\"image\" class=\"qodef-cc-image\" src=\"http:\/\/lesnianski.com\/wp-content\/uploads\/2018\/06\/h8-client-2.png\" alt=\"f\" \/>\n\t\t\t\t\t\t\t<img decoding=\"async\" itemprop=\"image\" class=\"qodef-cc-hover-image\" src=\"http:\/\/lesnianski.com\/wp-content\/uploads\/2018\/06\/h8-client-2-hover.png\" alt=\"d\" \/>\n\t\t\t\t\t<\/a>\n\t<\/div><div class=\"qodef-cc-item qodef-item-space qodef-cci-has-link\">\n\t\t\t<a itemprop=\"url\" class=\"qodef-cc-link qodef-block-drag-link\" href=\"#\" target=\"_self\">\n\t\t\t\t\t\t<img decoding=\"async\" itemprop=\"image\" class=\"qodef-cc-image\" src=\"http:\/\/lesnianski.com\/wp-content\/uploads\/2018\/06\/h8-client-3.png\" alt=\"n\" \/>\n\t\t\t\t\t\t\t<img decoding=\"async\" itemprop=\"image\" class=\"qodef-cc-hover-image\" src=\"http:\/\/lesnianski.com\/wp-content\/uploads\/2018\/06\/h8-client-3-hover.png\" alt=\"h\" \/>\n\t\t\t\t\t<\/a>\n\t<\/div><div class=\"qodef-cc-item qodef-item-space qodef-cci-has-link\">\n\t\t\t<a itemprop=\"url\" class=\"qodef-cc-link qodef-block-drag-link\" href=\"#\" target=\"_self\">\n\t\t\t\t\t\t<img decoding=\"async\" itemprop=\"image\" class=\"qodef-cc-image\" src=\"http:\/\/lesnianski.com\/wp-content\/uploads\/2018\/06\/h8-client-4.png\" alt=\"u\" \/>\n\t\t\t\t\t\t\t<img decoding=\"async\" itemprop=\"image\" class=\"qodef-cc-hover-image\" src=\"http:\/\/lesnianski.com\/wp-content\/uploads\/2018\/06\/h8-client-4-hover.png\" alt=\"y\" \/>\n\t\t\t\t\t<\/a>\n\t<\/div><div class=\"qodef-cc-item qodef-item-space qodef-cci-has-link\">\n\t\t\t<a itemprop=\"url\" class=\"qodef-cc-link qodef-block-drag-link\" href=\"#\" target=\"_self\">\n\t\t\t\t\t\t<img decoding=\"async\" itemprop=\"image\" class=\"qodef-cc-image\" src=\"http:\/\/lesnianski.com\/wp-content\/uploads\/2018\/06\/h8-client-5.png\" alt=\"t\" \/>\n\t\t\t\t\t\t\t<img decoding=\"async\" itemprop=\"image\" class=\"qodef-cc-hover-image\" src=\"http:\/\/lesnianski.com\/wp-content\/uploads\/2018\/06\/h8-client-5-hover.png\" alt=\"r\" \/>\n\t\t\t\t\t<\/a>\n\t<\/div><div class=\"qodef-cc-item qodef-item-space qodef-cci-has-link\">\n\t\t\t<a itemprop=\"url\" class=\"qodef-cc-link qodef-block-drag-link\" href=\"#\" target=\"_self\">\n\t\t\t\t\t\t<img decoding=\"async\" itemprop=\"image\" class=\"qodef-cc-image\" src=\"http:\/\/lesnianski.com\/wp-content\/uploads\/2018\/06\/h8-client-6.png\" alt=\"q\" \/>\n\t\t\t\t\t\t\t<img decoding=\"async\" itemprop=\"image\" class=\"qodef-cc-hover-image\" src=\"http:\/\/lesnianski.com\/wp-content\/uploads\/2018\/06\/h8-client-6-hover.png\" alt=\"e\" \/>\n\t\t\t\t\t<\/a>\n\t<\/div>\t<\/div>\n<\/div>\t\t<\/div>\n\t<\/div>\n<\/div><\/div>[\/vc_column][\/vc_row][vc_row equal_height=&#8221;yes&#8221; content_placement=&#8221;middle&#8221;][vc_column offset=&#8221;vc_col-lg-4 vc_col-md-offset-0 vc_col-md-5&#8243; el_class=&#8221;qodef-elements-appear-column&#8221;]<div class=\"qodef-elements-holder   qodef-one-column  qodef-responsive-mode-768   \" ><div class=\"qodef-eh-item     \"  data-item-class=\"qodef-eh-custom-4820\" data-1366-1600=\"0px 25px 25px 47px\" data-1024-1366=\"0px 25px 25px 47px\" data-768-1024=\"0px 24px 24px 47px \" data-680-768=\"120px 119px 0px \" data-680=\"68px 27px 30px\">\n\t<div class=\"qodef-eh-item-inner\">\n\t\t<div class=\"qodef-eh-item-content qodef-eh-custom-4820\" style=\"padding: 0px 149px 45px 174px\">\n\t\t\t[vc_column_text]<\/p>\n<h6>Working Hours<\/h6>\n<p>[\/vc_column_text][vc_column_text]Ked ai repspiciatic onpe umnis iste natus errorsit voluptatem uocusantium naius erpor sit vulup taton accus antium.[\/vc_column_text]\t\t<\/div>\n\t<\/div>\n<\/div><\/div><div class=\"qodef-elements-holder   qodef-one-column  qodef-responsive-mode-768   \" ><div class=\"qodef-eh-item     \"  data-item-class=\"qodef-eh-custom-6881\" data-1366-1600=\"0px 25px 25px 47px\" data-1024-1366=\"0px 25px 25px 47px\" data-768-1024=\"0px 24px 24px 47px \" data-680-768=\"0px 119px 0px\" data-680=\"0px 27px 30px\">\n\t<div class=\"qodef-eh-item-inner\">\n\t\t<div class=\"qodef-eh-item-content qodef-eh-custom-6881\" style=\"padding: 0px 149px 0px 174px\">\n\t\t\t[vc_column_text]<\/p>\n<h6>Our Team<\/h6>\n<p>[\/vc_column_text][vc_column_text]Sed ut perspiciatis unde omnis iste natus errorsit voluptatem accusantium natus error sit volup tatem accus antium.[\/vc_column_text]\t\t<\/div>\n\t<\/div>\n<\/div><\/div><div class=\"qodef-elements-holder   qodef-one-column  qodef-responsive-mode-768   \" ><div class=\"qodef-eh-item     \"  data-item-class=\"qodef-eh-custom-3707\" data-1366-1600=\"2px 25px 25px 47px \" data-1024-1366=\"0px 25px 25px 47px\" data-768-1024=\"3px 24px 24px 47px\" data-680-768=\"0px 118px 143px \" data-680=\"0px 27px 89px\">\n\t<div class=\"qodef-eh-item-inner\">\n\t\t<div class=\"qodef-eh-item-content qodef-eh-custom-3707\" style=\"padding: 41px 149px 41px 174px\">\n\t\t\t[vc_column_text]<\/p>\n<h6>New Projects<\/h6>\n<p>[\/vc_column_text][vc_column_text]Cad et reispiciatis anda amnjs iste natus errorsit voluptatem accusantium natus error sit volup tatem accus antium.[\/vc_column_text]\t\t<\/div>\n\t<\/div>\n<\/div><\/div>[\/vc_column][vc_column offset=&#8221;vc_col-lg-8 vc_col-md-offset-0 vc_col-md-7&#8243;]<div class=\"qodef-elements-holder   qodef-one-column  qodef-responsive-mode-768   qodef-eh-uncover qodef-eh-uncover-left\" ><div class=\"qodef-eh-item     \" style=\"background-color: #ffffff;background-image: url(http:\/\/lesnianski.com\/wp-content\/uploads\/2018\/06\/h8-background-img-4.jpg)\" data-item-class=\"qodef-eh-custom-2667\" data-1366-1600=\"300px 0px\" data-1024-1366=\"300px 0px\" data-768-1024=\"300px 0px\" data-680-768=\"300px 0px\" data-680=\"235px 0px\">\n\t<div class=\"qodef-eh-item-inner\">\n\t\t<div class=\"qodef-eh-item-content qodef-eh-custom-2667\" style=\"padding: 410px 0px\">\n\t\t\t\t\t<\/div>\n\t<\/div>\n<\/div><\/div>[\/vc_column][\/vc_row]<\/p>\n","protected":false},"excerpt":{"rendered":"<p>[vc_row equal_height=&#8221;yes&#8221; content_placement=&#8221;middle&#8221; simple_background_color=&#8221;#151515&#8243;][vc_column offset=&#8221;vc_col-lg-8 vc_col-md-offset-0 vc_col-md-7&#8243;][\/vc_column][vc_column offset=&#8221;vc_col-lg-4 vc_col-md-offset-0 vc_col-md-5&#8243; el_class=&#8221;qodef-elements-appear-column&#8221;][\/vc_column][\/vc_row][vc_row equal_height=&#8221;yes&#8221; content_placement=&#8221;middle&#8221;][vc_column offset=&#8221;vc_col-lg-4 vc_col-md-offset-0 vc_col-md-5&#8243; el_class=&#8221;qodef-elements-appear-column&#8221;][\/vc_column][vc_column offset=&#8221;vc_col-lg-8 vc_col-md-offset-0 vc_col-md-7&#8243;][\/vc_column][\/vc_row][vc_row equal_height=&#8221;yes&#8221; content_placement=&#8221;middle&#8221; simple_background_color=&#8221;#151515&#8243;][vc_column offset=&#8221;vc_col-lg-8 vc_col-md-offset-0 vc_col-md-7&#8243;][\/vc_column][vc_column offset=&#8221;vc_col-lg-4 vc_col-md-offset-0 vc_col-md-5&#8243; el_class=&#8221;qodef-elements-appear-column&#8221; css=&#8221;.vc_custom_1528984930317{padding-right: 6% !important;}&#8221;][\/vc_column][\/vc_row][vc_row equal_height=&#8221;yes&#8221; content_placement=&#8221;middle&#8221;][vc_column offset=&#8221;vc_col-lg-4 vc_col-md-offset-0 vc_col-md-5&#8243; el_class=&#8221;qodef-elements-appear-column&#8221;][\/vc_column][vc_column offset=&#8221;vc_col-lg-8 vc_col-md-offset-0 vc_col-md-7&#8243;][\/vc_column][\/vc_row]<\/p>\n","protected":false},"author":1,"featured_media":0,"parent":0,"menu_order":0,"comment_status":"closed","ping_status":"closed","template":"full-width.php","meta":{"footnotes":""},"class_list":["post-5465","page","type-page","status-publish","hentry"],"yoast_head":"<!-- This site is optimized with the Yoast SEO plugin v22.8 - https:\/\/yoast.com\/wordpress\/plugins\/seo\/ -->\n<title>Uncovering Projects - Le\u015bnia\u0144ski Projektowanie<\/title>\n<meta name=\"robots\" content=\"index, follow, max-snippet:-1, max-image-preview:large, max-video-preview:-1\" \/>\n<link rel=\"canonical\" href=\"http:\/\/lesnianski.com\/?page_id=5465\" \/>\n<meta property=\"og:locale\" content=\"pl_PL\" \/>\n<meta property=\"og:type\" content=\"article\" \/>\n<meta property=\"og:title\" content=\"Uncovering Projects - Le\u015bnia\u0144ski Projektowanie\" \/>\n<meta property=\"og:description\" content=\"[vc_row equal_height=&#8221;yes&#8221; content_placement=&#8221;middle&#8221; simple_background_color=&#8221;#151515&#8243;][vc_column offset=&#8221;vc_col-lg-8 vc_col-md-offset-0 vc_col-md-7&#8243;][\/vc_column][vc_column offset=&#8221;vc_col-lg-4 vc_col-md-offset-0 vc_col-md-5&#8243; el_class=&#8221;qodef-elements-appear-column&#8221;][\/vc_column][\/vc_row][vc_row equal_height=&#8221;yes&#8221; content_placement=&#8221;middle&#8221;][vc_column offset=&#8221;vc_col-lg-4 vc_col-md-offset-0 vc_col-md-5&#8243; el_class=&#8221;qodef-elements-appear-column&#8221;][\/vc_column][vc_column offset=&#8221;vc_col-lg-8 vc_col-md-offset-0 vc_col-md-7&#8243;][\/vc_column][\/vc_row][vc_row equal_height=&#8221;yes&#8221; content_placement=&#8221;middle&#8221; simple_background_color=&#8221;#151515&#8243;][vc_column offset=&#8221;vc_col-lg-8 vc_col-md-offset-0 vc_col-md-7&#8243;][\/vc_column][vc_column offset=&#8221;vc_col-lg-4 vc_col-md-offset-0 vc_col-md-5&#8243; el_class=&#8221;qodef-elements-appear-column&#8221; css=&#8221;.vc_custom_1528984930317{padding-right: 6% !important;}&#8221;][\/vc_column][\/vc_row][vc_row equal_height=&#8221;yes&#8221; content_placement=&#8221;middle&#8221;][vc_column offset=&#8221;vc_col-lg-4 vc_col-md-offset-0 vc_col-md-5&#8243; el_class=&#8221;qodef-elements-appear-column&#8221;][\/vc_column][vc_column offset=&#8221;vc_col-lg-8 vc_col-md-offset-0 vc_col-md-7&#8243;][\/vc_column][\/vc_row]\" \/>\n<meta property=\"og:url\" content=\"http:\/\/lesnianski.com\/?page_id=5465\" \/>\n<meta property=\"og:site_name\" content=\"Le\u015bnia\u0144ski Projektowanie\" \/>\n<meta name=\"twitter:card\" content=\"summary_large_image\" \/>\n<meta name=\"twitter:label1\" content=\"Szacowany czas czytania\" \/>\n\t<meta name=\"twitter:data1\" content=\"6 minut\" \/>\n<script type=\"application\/ld+json\" class=\"yoast-schema-graph\">{\"@context\":\"https:\/\/schema.org\",\"@graph\":[{\"@type\":\"WebPage\",\"@id\":\"http:\/\/lesnianski.com\/?page_id=5465\",\"url\":\"http:\/\/lesnianski.com\/?page_id=5465\",\"name\":\"Uncovering Projects - Le\u015bnia\u0144ski Projektowanie\",\"isPartOf\":{\"@id\":\"http:\/\/lesnianski.com\/#website\"},\"datePublished\":\"2018-05-17T13:58:15+00:00\",\"dateModified\":\"2018-05-17T13:58:15+00:00\",\"breadcrumb\":{\"@id\":\"http:\/\/lesnianski.com\/?page_id=5465#breadcrumb\"},\"inLanguage\":\"pl-PL\",\"potentialAction\":[{\"@type\":\"ReadAction\",\"target\":[\"http:\/\/lesnianski.com\/?page_id=5465\"]}]},{\"@type\":\"BreadcrumbList\",\"@id\":\"http:\/\/lesnianski.com\/?page_id=5465#breadcrumb\",\"itemListElement\":[{\"@type\":\"ListItem\",\"position\":1,\"name\":\"Strona g\u0142\u00f3wna\",\"item\":\"http:\/\/lesnianski.com\/\"},{\"@type\":\"ListItem\",\"position\":2,\"name\":\"Uncovering Projects\"}]},{\"@type\":\"WebSite\",\"@id\":\"http:\/\/lesnianski.com\/#website\",\"url\":\"http:\/\/lesnianski.com\/\",\"name\":\"Le\u015bnia\u0144ski Projektowanie\",\"description\":\"Le\u015bnia\u0144ski Projektowanie\",\"potentialAction\":[{\"@type\":\"SearchAction\",\"target\":{\"@type\":\"EntryPoint\",\"urlTemplate\":\"http:\/\/lesnianski.com\/?s={search_term_string}\"},\"query-input\":\"required name=search_term_string\"}],\"inLanguage\":\"pl-PL\"}]}<\/script>\n<!-- \/ Yoast SEO plugin. -->","yoast_head_json":{"title":"Uncovering Projects - Le\u015bnia\u0144ski Projektowanie","robots":{"index":"index","follow":"follow","max-snippet":"max-snippet:-1","max-image-preview":"max-image-preview:large","max-video-preview":"max-video-preview:-1"},"canonical":"http:\/\/lesnianski.com\/?page_id=5465","og_locale":"pl_PL","og_type":"article","og_title":"Uncovering Projects - Le\u015bnia\u0144ski Projektowanie","og_description":"[vc_row equal_height=&#8221;yes&#8221; content_placement=&#8221;middle&#8221; simple_background_color=&#8221;#151515&#8243;][vc_column offset=&#8221;vc_col-lg-8 vc_col-md-offset-0 vc_col-md-7&#8243;][\/vc_column][vc_column offset=&#8221;vc_col-lg-4 vc_col-md-offset-0 vc_col-md-5&#8243; el_class=&#8221;qodef-elements-appear-column&#8221;][\/vc_column][\/vc_row][vc_row equal_height=&#8221;yes&#8221; content_placement=&#8221;middle&#8221;][vc_column offset=&#8221;vc_col-lg-4 vc_col-md-offset-0 vc_col-md-5&#8243; el_class=&#8221;qodef-elements-appear-column&#8221;][\/vc_column][vc_column offset=&#8221;vc_col-lg-8 vc_col-md-offset-0 vc_col-md-7&#8243;][\/vc_column][\/vc_row][vc_row equal_height=&#8221;yes&#8221; content_placement=&#8221;middle&#8221; simple_background_color=&#8221;#151515&#8243;][vc_column offset=&#8221;vc_col-lg-8 vc_col-md-offset-0 vc_col-md-7&#8243;][\/vc_column][vc_column offset=&#8221;vc_col-lg-4 vc_col-md-offset-0 vc_col-md-5&#8243; el_class=&#8221;qodef-elements-appear-column&#8221; css=&#8221;.vc_custom_1528984930317{padding-right: 6% !important;}&#8221;][\/vc_column][\/vc_row][vc_row equal_height=&#8221;yes&#8221; content_placement=&#8221;middle&#8221;][vc_column offset=&#8221;vc_col-lg-4 vc_col-md-offset-0 vc_col-md-5&#8243; el_class=&#8221;qodef-elements-appear-column&#8221;][\/vc_column][vc_column offset=&#8221;vc_col-lg-8 vc_col-md-offset-0 vc_col-md-7&#8243;][\/vc_column][\/vc_row]","og_url":"http:\/\/lesnianski.com\/?page_id=5465","og_site_name":"Le\u015bnia\u0144ski Projektowanie","twitter_card":"summary_large_image","twitter_misc":{"Szacowany czas czytania":"6 minut"},"schema":{"@context":"https:\/\/schema.org","@graph":[{"@type":"WebPage","@id":"http:\/\/lesnianski.com\/?page_id=5465","url":"http:\/\/lesnianski.com\/?page_id=5465","name":"Uncovering Projects - Le\u015bnia\u0144ski Projektowanie","isPartOf":{"@id":"http:\/\/lesnianski.com\/#website"},"datePublished":"2018-05-17T13:58:15+00:00","dateModified":"2018-05-17T13:58:15+00:00","breadcrumb":{"@id":"http:\/\/lesnianski.com\/?page_id=5465#breadcrumb"},"inLanguage":"pl-PL","potentialAction":[{"@type":"ReadAction","target":["http:\/\/lesnianski.com\/?page_id=5465"]}]},{"@type":"BreadcrumbList","@id":"http:\/\/lesnianski.com\/?page_id=5465#breadcrumb","itemListElement":[{"@type":"ListItem","position":1,"name":"Strona g\u0142\u00f3wna","item":"http:\/\/lesnianski.com\/"},{"@type":"ListItem","position":2,"name":"Uncovering Projects"}]},{"@type":"WebSite","@id":"http:\/\/lesnianski.com\/#website","url":"http:\/\/lesnianski.com\/","name":"Le\u015bnia\u0144ski Projektowanie","description":"Le\u015bnia\u0144ski Projektowanie","potentialAction":[{"@type":"SearchAction","target":{"@type":"EntryPoint","urlTemplate":"http:\/\/lesnianski.com\/?s={search_term_string}"},"query-input":"required name=search_term_string"}],"inLanguage":"pl-PL"}]}},"_links":{"self":[{"href":"http:\/\/lesnianski.com\/index.php?rest_route=\/wp\/v2\/pages\/5465","targetHints":{"allow":["GET"]}}],"collection":[{"href":"http:\/\/lesnianski.com\/index.php?rest_route=\/wp\/v2\/pages"}],"about":[{"href":"http:\/\/lesnianski.com\/index.php?rest_route=\/wp\/v2\/types\/page"}],"author":[{"embeddable":true,"href":"http:\/\/lesnianski.com\/index.php?rest_route=\/wp\/v2\/users\/1"}],"replies":[{"embeddable":true,"href":"http:\/\/lesnianski.com\/index.php?rest_route=%2Fwp%2Fv2%2Fcomments&post=5465"}],"version-history":[{"count":0,"href":"http:\/\/lesnianski.com\/index.php?rest_route=\/wp\/v2\/pages\/5465\/revisions"}],"wp:attachment":[{"href":"http:\/\/lesnianski.com\/index.php?rest_route=%2Fwp%2Fv2%2Fmedia&parent=5465"}],"curies":[{"name":"wp","href":"https:\/\/api.w.org\/{rel}","templated":true}]}}