{"id":616,"date":"2018-05-09T11:28:43","date_gmt":"2018-05-09T11:28:43","guid":{"rendered":"http:\/\/dessau.select-themes.com\/?page_id=616"},"modified":"2018-05-09T11:28:43","modified_gmt":"2018-05-09T11:28:43","slug":"interior-design","status":"publish","type":"page","link":"http:\/\/lesnianski.com\/?page_id=616","title":{"rendered":"Interior Design"},"content":{"rendered":"<p>[vc_row row_content_width=&#8221;grid&#8221; content_text_aligment=&#8221;center&#8221; css=&#8221;.vc_custom_1528881718945{padding-top: 157px !important;padding-bottom: 157px !important;}&#8221;][vc_column]<h2 class=\"qodef-custom-font-holder  qodef-cf-5858  \" style=\"font-size: 54px;line-height: 54px\" data-item-class=\"qodef-cf-5858\" data-font-size-1366=\"50px\" data-font-size-1024=\"40px\" data-font-size-768=\"35px\" data-font-size-680=\"30px\" data-line-height-1366=\"54px\" data-line-height-1024=\"54px\" data-line-height-768=\"54px\" data-line-height-680=\"54px\">\n\tContemporary Architecture<\/h2>[\/vc_column][\/vc_row][vc_row row_content_width=&#8221;grid&#8221; css=&#8221;.vc_custom_1528881730195{padding-bottom: 59px !important;}&#8221;][vc_column]<div class=\"qodef-portfolio-list-holder qodef-grid-list qodef-grid-masonry-list qodef-pl-masonry qodef-two-columns qodef-normal-space qodef-pl-standard-trim    qodef-pl-pag-no-pagination  qodef-pl-has-animation    qodef-scattered-images\"  data-type=masonry data-number-of-columns=two data-space-between-items=normal data-number-of-items=6 data-image-proportions=full data-enable-fixed-proportions=no data-enable-image-shadow=no data-tag=interior-design data-orderby=date data-order=ASC data-item-style=standard-trim data-enable-title=yes data-title-tag=h6 data-title-text-transform=uppercase data-enable-category=yes data-enable-count-images=no data-enable-excerpt=yes data-excerpt-length=85 data-pagination-type=no-pagination data-filter=no data-filter-order-by=name data-enable-article-animation=yes data-portfolio-slider-on=no data-enable-loop=yes data-enable-autoplay=np data-slider-speed=5000 data-slider-speed-animation=600 data-enable-navigation=yes data-enable-pagination=yes data-enable-mousewheel-scroll=no data-additional-class=qodef-scattered-images data-max-num-pages=1 data-next-page=2>\n\t\t<div class=\"qodef-pl-inner qodef-outer-space qodef-masonry-list-wrapper clearfix\">\n\t\t<div class=\"qodef-masonry-grid-sizer\"><\/div>\n\t\t<div class=\"qodef-masonry-grid-gutter\"><\/div>\n\t\t\t\t<article class=\"qodef-pl-item qodef-item-space  post-609 portfolio-item type-portfolio-item status-publish has-post-thumbnail hentry portfolio-category-furniture portfolio-tag-interior-design\">\n\t<div class=\"qodef-pl-item-inner\">\n\t\t<div class=\"qodef-pli-image\">\n\t<img loading=\"lazy\" decoding=\"async\" width=\"800\" height=\"800\" src=\"http:\/\/lesnianski.com\/wp-content\/uploads\/2018\/05\/h5-port-img-1.jpg\" class=\"attachment-full size-full wp-post-image\" alt=\"i\" srcset=\"http:\/\/lesnianski.com\/wp-content\/uploads\/2018\/05\/h5-port-img-1.jpg 800w, http:\/\/lesnianski.com\/wp-content\/uploads\/2018\/05\/h5-port-img-1-300x300.jpg 300w, http:\/\/lesnianski.com\/wp-content\/uploads\/2018\/05\/h5-port-img-1-150x150.jpg 150w, http:\/\/lesnianski.com\/wp-content\/uploads\/2018\/05\/h5-port-img-1-768x768.jpg 768w, http:\/\/lesnianski.com\/wp-content\/uploads\/2018\/05\/h5-port-img-1-550x550.jpg 550w, http:\/\/lesnianski.com\/wp-content\/uploads\/2018\/05\/h5-port-img-1-116x116.jpg 116w, http:\/\/lesnianski.com\/wp-content\/uploads\/2018\/05\/h5-port-img-1-50x50.jpg 50w\" sizes=\"auto, (max-width: 800px) 100vw, 800px\" \/><\/div>\n<div class=\"qodef-pli-text-holder\">\n\t<div class=\"qodef-pli-text-wrapper\">\n\t\t<div class=\"qodef-pli-text\">\n\t\t\t\t<h6 itemprop=\"name\" class=\"qodef-pli-title entry-title\" style=\"text-transform: uppercase\">\n\t\tStylish Design\t<\/h6>\n\n\t\t\t\t\t<div class=\"qodef-pli-category-holder\">\n\t\t\t\t\t\t\t<a itemprop=\"url\" class=\"qodef-pli-category\" href=\"http:\/\/lesnianski.com\/?portfolio-category=furniture\">Furniture<\/a>\n\t\t\t\t\t<\/div>\n\t\n\t\t\t\t<p itemprop=\"description\" class=\"qodef-pli-excerpt\">Lorem ipsum dolor sit amet, consectetuer adipiscing elit. Aenean commodo ligula eget <\/p>\n\t\t<\/div>\n\t<\/div>\n<\/div>\n\t\t<a itemprop=\"url\" class=\"qodef-pli-link qodef-block-drag-link\" href=\"http:\/\/lesnianski.com\/?portfolio-item=stylish-design\" target=\"_self\"><\/a>\n\t<\/div>\n<\/article><article class=\"qodef-pl-item qodef-item-space  post-620 portfolio-item type-portfolio-item status-publish has-post-thumbnail hentry portfolio-category-interior portfolio-tag-interior-design\">\n\t<div class=\"qodef-pl-item-inner\">\n\t\t<div class=\"qodef-pli-image\">\n\t<img loading=\"lazy\" decoding=\"async\" width=\"470\" height=\"470\" src=\"http:\/\/lesnianski.com\/wp-content\/uploads\/2018\/05\/h5-port-img-2.jpg\" class=\"attachment-full size-full wp-post-image\" alt=\"i\" srcset=\"http:\/\/lesnianski.com\/wp-content\/uploads\/2018\/05\/h5-port-img-2.jpg 470w, http:\/\/lesnianski.com\/wp-content\/uploads\/2018\/05\/h5-port-img-2-300x300.jpg 300w, http:\/\/lesnianski.com\/wp-content\/uploads\/2018\/05\/h5-port-img-2-150x150.jpg 150w, http:\/\/lesnianski.com\/wp-content\/uploads\/2018\/05\/h5-port-img-2-116x116.jpg 116w, http:\/\/lesnianski.com\/wp-content\/uploads\/2018\/05\/h5-port-img-2-50x50.jpg 50w\" sizes=\"auto, (max-width: 470px) 100vw, 470px\" \/><\/div>\n<div class=\"qodef-pli-text-holder\">\n\t<div class=\"qodef-pli-text-wrapper\">\n\t\t<div class=\"qodef-pli-text\">\n\t\t\t\t<h6 itemprop=\"name\" class=\"qodef-pli-title entry-title\" style=\"text-transform: uppercase\">\n\t\tMarble Interior\t<\/h6>\n\n\t\t\t\t\t<div class=\"qodef-pli-category-holder\">\n\t\t\t\t\t\t\t<a itemprop=\"url\" class=\"qodef-pli-category\" href=\"http:\/\/lesnianski.com\/?portfolio-category=interior\">Interior<\/a>\n\t\t\t\t\t<\/div>\n\t\n\t\t\t\t<p itemprop=\"description\" class=\"qodef-pli-excerpt\">Lorem ipsum dolor sit amet, consectetuer adipiscing elit. Aenean commodo ligula eget <\/p>\n\t\t<\/div>\n\t<\/div>\n<\/div>\n\t\t<a itemprop=\"url\" class=\"qodef-pli-link qodef-block-drag-link\" href=\"http:\/\/lesnianski.com\/?portfolio-item=marble-interior\" target=\"_self\"><\/a>\n\t<\/div>\n<\/article><article class=\"qodef-pl-item qodef-item-space  post-1530 portfolio-item type-portfolio-item status-publish has-post-thumbnail hentry portfolio-category-interior portfolio-tag-interior-design\">\n\t<div class=\"qodef-pl-item-inner\">\n\t\t<div class=\"qodef-pli-image\">\n\t<img loading=\"lazy\" decoding=\"async\" width=\"800\" height=\"800\" src=\"http:\/\/lesnianski.com\/wp-content\/uploads\/2018\/05\/h5-port-img-4.jpg\" class=\"attachment-full size-full wp-post-image\" alt=\"i\" srcset=\"http:\/\/lesnianski.com\/wp-content\/uploads\/2018\/05\/h5-port-img-4.jpg 800w, http:\/\/lesnianski.com\/wp-content\/uploads\/2018\/05\/h5-port-img-4-300x300.jpg 300w, http:\/\/lesnianski.com\/wp-content\/uploads\/2018\/05\/h5-port-img-4-150x150.jpg 150w, http:\/\/lesnianski.com\/wp-content\/uploads\/2018\/05\/h5-port-img-4-768x768.jpg 768w, http:\/\/lesnianski.com\/wp-content\/uploads\/2018\/05\/h5-port-img-4-550x550.jpg 550w, http:\/\/lesnianski.com\/wp-content\/uploads\/2018\/05\/h5-port-img-4-116x116.jpg 116w, http:\/\/lesnianski.com\/wp-content\/uploads\/2018\/05\/h5-port-img-4-50x50.jpg 50w\" sizes=\"auto, (max-width: 800px) 100vw, 800px\" \/><\/div>\n<div class=\"qodef-pli-text-holder\">\n\t<div class=\"qodef-pli-text-wrapper\">\n\t\t<div class=\"qodef-pli-text\">\n\t\t\t\t<h6 itemprop=\"name\" class=\"qodef-pli-title entry-title\" style=\"text-transform: uppercase\">\n\t\tLuxury Bathroom\t<\/h6>\n\n\t\t\t\t\t<div class=\"qodef-pli-category-holder\">\n\t\t\t\t\t\t\t<a itemprop=\"url\" class=\"qodef-pli-category\" href=\"http:\/\/lesnianski.com\/?portfolio-category=interior\">Interior<\/a>\n\t\t\t\t\t<\/div>\n\t\n\t\t\t\t<p itemprop=\"description\" class=\"qodef-pli-excerpt\">Lorem ipsum dolor sit amet, consectetuer adipiscing elit. Aenean commodo ligula eget <\/p>\n\t\t<\/div>\n\t<\/div>\n<\/div>\n\t\t<a itemprop=\"url\" class=\"qodef-pli-link qodef-block-drag-link\" href=\"http:\/\/lesnianski.com\/?portfolio-item=luxury-bathroom\" target=\"_self\"><\/a>\n\t<\/div>\n<\/article><article class=\"qodef-pl-item qodef-item-space  post-1529 portfolio-item type-portfolio-item status-publish has-post-thumbnail hentry portfolio-category-furniture portfolio-tag-interior-design\">\n\t<div class=\"qodef-pl-item-inner\">\n\t\t<div class=\"qodef-pli-image\">\n\t<img loading=\"lazy\" decoding=\"async\" width=\"470\" height=\"470\" src=\"http:\/\/lesnianski.com\/wp-content\/uploads\/2018\/05\/h5-port-img-3.jpg\" class=\"attachment-full size-full wp-post-image\" alt=\"i\" srcset=\"http:\/\/lesnianski.com\/wp-content\/uploads\/2018\/05\/h5-port-img-3.jpg 470w, http:\/\/lesnianski.com\/wp-content\/uploads\/2018\/05\/h5-port-img-3-300x300.jpg 300w, http:\/\/lesnianski.com\/wp-content\/uploads\/2018\/05\/h5-port-img-3-150x150.jpg 150w, http:\/\/lesnianski.com\/wp-content\/uploads\/2018\/05\/h5-port-img-3-116x116.jpg 116w, http:\/\/lesnianski.com\/wp-content\/uploads\/2018\/05\/h5-port-img-3-50x50.jpg 50w\" sizes=\"auto, (max-width: 470px) 100vw, 470px\" \/><\/div>\n<div class=\"qodef-pli-text-holder\">\n\t<div class=\"qodef-pli-text-wrapper\">\n\t\t<div class=\"qodef-pli-text\">\n\t\t\t\t<h6 itemprop=\"name\" class=\"qodef-pli-title entry-title\" style=\"text-transform: uppercase\">\n\t\tWooden Furniture\t<\/h6>\n\n\t\t\t\t\t<div class=\"qodef-pli-category-holder\">\n\t\t\t\t\t\t\t<a itemprop=\"url\" class=\"qodef-pli-category\" href=\"http:\/\/lesnianski.com\/?portfolio-category=furniture\">Furniture<\/a>\n\t\t\t\t\t<\/div>\n\t\n\t\t\t\t<p itemprop=\"description\" class=\"qodef-pli-excerpt\">Lorem ipsum dolor sit amet, consectetuer adipiscing elit. Aenean commodo ligula eget <\/p>\n\t\t<\/div>\n\t<\/div>\n<\/div>\n\t\t<a itemprop=\"url\" class=\"qodef-pli-link qodef-block-drag-link\" href=\"http:\/\/lesnianski.com\/?portfolio-item=wooden-furniture\" target=\"_self\"><\/a>\n\t<\/div>\n<\/article><article class=\"qodef-pl-item qodef-item-space  post-1704 portfolio-item type-portfolio-item status-publish has-post-thumbnail hentry portfolio-category-housing-program portfolio-tag-interior-design\">\n\t<div class=\"qodef-pl-item-inner\">\n\t\t<div class=\"qodef-pli-image\">\n\t<img loading=\"lazy\" decoding=\"async\" width=\"800\" height=\"800\" src=\"http:\/\/lesnianski.com\/wp-content\/uploads\/2018\/05\/h5-port-img-5.jpg\" class=\"attachment-full size-full wp-post-image\" alt=\"i\" srcset=\"http:\/\/lesnianski.com\/wp-content\/uploads\/2018\/05\/h5-port-img-5.jpg 800w, http:\/\/lesnianski.com\/wp-content\/uploads\/2018\/05\/h5-port-img-5-300x300.jpg 300w, http:\/\/lesnianski.com\/wp-content\/uploads\/2018\/05\/h5-port-img-5-150x150.jpg 150w, http:\/\/lesnianski.com\/wp-content\/uploads\/2018\/05\/h5-port-img-5-768x768.jpg 768w, http:\/\/lesnianski.com\/wp-content\/uploads\/2018\/05\/h5-port-img-5-550x550.jpg 550w, http:\/\/lesnianski.com\/wp-content\/uploads\/2018\/05\/h5-port-img-5-116x116.jpg 116w, http:\/\/lesnianski.com\/wp-content\/uploads\/2018\/05\/h5-port-img-5-50x50.jpg 50w\" sizes=\"auto, (max-width: 800px) 100vw, 800px\" \/><\/div>\n<div class=\"qodef-pli-text-holder\">\n\t<div class=\"qodef-pli-text-wrapper\">\n\t\t<div class=\"qodef-pli-text\">\n\t\t\t\t<h6 itemprop=\"name\" class=\"qodef-pli-title entry-title\" style=\"text-transform: uppercase\">\n\t\tThe Renovation\t<\/h6>\n\n\t\t\t\t\t<div class=\"qodef-pli-category-holder\">\n\t\t\t\t\t\t\t<a itemprop=\"url\" class=\"qodef-pli-category\" href=\"http:\/\/lesnianski.com\/?portfolio-category=housing-program\">Housing<\/a>\n\t\t\t\t\t<\/div>\n\t\n\t\t\t\t<p itemprop=\"description\" class=\"qodef-pli-excerpt\">Lorem ipsum dolor sit amet, consectetuer adipiscing elit. Aenean commodo ligula eget <\/p>\n\t\t<\/div>\n\t<\/div>\n<\/div>\n\t\t<a itemprop=\"url\" class=\"qodef-pli-link qodef-block-drag-link\" href=\"http:\/\/lesnianski.com\/?portfolio-item=the-renovation\" target=\"_self\"><\/a>\n\t<\/div>\n<\/article><article class=\"qodef-pl-item qodef-item-space  post-1707 portfolio-item type-portfolio-item status-publish has-post-thumbnail hentry portfolio-category-interior portfolio-tag-interior-design\">\n\t<div class=\"qodef-pl-item-inner\">\n\t\t<div class=\"qodef-pli-image\">\n\t<img loading=\"lazy\" decoding=\"async\" width=\"470\" height=\"470\" src=\"http:\/\/lesnianski.com\/wp-content\/uploads\/2018\/05\/h5-port-img-6.jpg\" class=\"attachment-full size-full wp-post-image\" alt=\"i\" srcset=\"http:\/\/lesnianski.com\/wp-content\/uploads\/2018\/05\/h5-port-img-6.jpg 470w, http:\/\/lesnianski.com\/wp-content\/uploads\/2018\/05\/h5-port-img-6-300x300.jpg 300w, http:\/\/lesnianski.com\/wp-content\/uploads\/2018\/05\/h5-port-img-6-150x150.jpg 150w, http:\/\/lesnianski.com\/wp-content\/uploads\/2018\/05\/h5-port-img-6-116x116.jpg 116w, http:\/\/lesnianski.com\/wp-content\/uploads\/2018\/05\/h5-port-img-6-50x50.jpg 50w\" sizes=\"auto, (max-width: 470px) 100vw, 470px\" \/><\/div>\n<div class=\"qodef-pli-text-holder\">\n\t<div class=\"qodef-pli-text-wrapper\">\n\t\t<div class=\"qodef-pli-text\">\n\t\t\t\t<h6 itemprop=\"name\" class=\"qodef-pli-title entry-title\" style=\"text-transform: uppercase\">\n\t\tInterior design\t<\/h6>\n\n\t\t\t\t\t<div class=\"qodef-pli-category-holder\">\n\t\t\t\t\t\t\t<a itemprop=\"url\" class=\"qodef-pli-category\" href=\"http:\/\/lesnianski.com\/?portfolio-category=interior\">Interior<\/a>\n\t\t\t\t\t<\/div>\n\t\n\t\t\t\t<p itemprop=\"description\" class=\"qodef-pli-excerpt\">Lorem ipsum dolor sit amet, consectetuer adipiscing elit. Aenean commodo ligula eget <\/p>\n\t\t<\/div>\n\t<\/div>\n<\/div>\n\t\t<a itemprop=\"url\" class=\"qodef-pli-link qodef-block-drag-link\" href=\"http:\/\/lesnianski.com\/?portfolio-item=interior-design\" target=\"_self\"><\/a>\n\t<\/div>\n<\/article>\t<\/div>\n\t\n\t<\/div>[\/vc_column][\/vc_row]<\/p>\n","protected":false},"excerpt":{"rendered":"<p>[vc_row row_content_width=&#8221;grid&#8221; content_text_aligment=&#8221;center&#8221; css=&#8221;.vc_custom_1528881718945{padding-top: 157px !important;padding-bottom: 157px !important;}&#8221;][vc_column][\/vc_column][\/vc_row][vc_row row_content_width=&#8221;grid&#8221; css=&#8221;.vc_custom_1528881730195{padding-bottom: 59px !important;}&#8221;][vc_column][\/vc_column][\/vc_row]<\/p>\n","protected":false},"author":1,"featured_media":0,"parent":0,"menu_order":0,"comment_status":"closed","ping_status":"closed","template":"full-width.php","meta":{"footnotes":""},"class_list":["post-616","page","type-page","status-publish","hentry"],"yoast_head":"<!-- This site is optimized with the Yoast SEO plugin v22.8 - https:\/\/yoast.com\/wordpress\/plugins\/seo\/ -->\n<title>Interior Design - Le\u015bnia\u0144ski Projektowanie<\/title>\n<meta name=\"robots\" content=\"index, follow, max-snippet:-1, max-image-preview:large, max-video-preview:-1\" \/>\n<link rel=\"canonical\" href=\"http:\/\/lesnianski.com\/?page_id=616\" \/>\n<meta property=\"og:locale\" content=\"pl_PL\" \/>\n<meta property=\"og:type\" content=\"article\" \/>\n<meta property=\"og:title\" content=\"Interior Design - Le\u015bnia\u0144ski Projektowanie\" \/>\n<meta property=\"og:description\" content=\"[vc_row row_content_width=&#8221;grid&#8221; content_text_aligment=&#8221;center&#8221; css=&#8221;.vc_custom_1528881718945{padding-top: 157px !important;padding-bottom: 157px !important;}&#8221;][vc_column][\/vc_column][\/vc_row][vc_row row_content_width=&#8221;grid&#8221; css=&#8221;.vc_custom_1528881730195{padding-bottom: 59px !important;}&#8221;][vc_column][\/vc_column][\/vc_row]\" \/>\n<meta property=\"og:url\" content=\"http:\/\/lesnianski.com\/?page_id=616\" \/>\n<meta property=\"og:site_name\" content=\"Le\u015bnia\u0144ski Projektowanie\" \/>\n<meta name=\"twitter:card\" content=\"summary_large_image\" \/>\n<meta name=\"twitter:label1\" content=\"Szacowany czas czytania\" \/>\n\t<meta name=\"twitter:data1\" content=\"1 minuta\" \/>\n<script type=\"application\/ld+json\" class=\"yoast-schema-graph\">{\"@context\":\"https:\/\/schema.org\",\"@graph\":[{\"@type\":\"WebPage\",\"@id\":\"http:\/\/lesnianski.com\/?page_id=616\",\"url\":\"http:\/\/lesnianski.com\/?page_id=616\",\"name\":\"Interior Design - Le\u015bnia\u0144ski Projektowanie\",\"isPartOf\":{\"@id\":\"https:\/\/lesnianski.com\/#website\"},\"datePublished\":\"2018-05-09T11:28:43+00:00\",\"dateModified\":\"2018-05-09T11:28:43+00:00\",\"breadcrumb\":{\"@id\":\"http:\/\/lesnianski.com\/?page_id=616#breadcrumb\"},\"inLanguage\":\"pl-PL\",\"potentialAction\":[{\"@type\":\"ReadAction\",\"target\":[\"http:\/\/lesnianski.com\/?page_id=616\"]}]},{\"@type\":\"BreadcrumbList\",\"@id\":\"http:\/\/lesnianski.com\/?page_id=616#breadcrumb\",\"itemListElement\":[{\"@type\":\"ListItem\",\"position\":1,\"name\":\"Strona g\u0142\u00f3wna\",\"item\":\"https:\/\/lesnianski.com\/\"},{\"@type\":\"ListItem\",\"position\":2,\"name\":\"Interior Design\"}]},{\"@type\":\"WebSite\",\"@id\":\"https:\/\/lesnianski.com\/#website\",\"url\":\"https:\/\/lesnianski.com\/\",\"name\":\"Le\u015bnia\u0144ski Projektowanie\",\"description\":\"Le\u015bnia\u0144ski Projektowanie\",\"potentialAction\":[{\"@type\":\"SearchAction\",\"target\":{\"@type\":\"EntryPoint\",\"urlTemplate\":\"https:\/\/lesnianski.com\/?s={search_term_string}\"},\"query-input\":\"required name=search_term_string\"}],\"inLanguage\":\"pl-PL\"}]}<\/script>\n<!-- \/ Yoast SEO plugin. -->","yoast_head_json":{"title":"Interior Design - Le\u015bnia\u0144ski Projektowanie","robots":{"index":"index","follow":"follow","max-snippet":"max-snippet:-1","max-image-preview":"max-image-preview:large","max-video-preview":"max-video-preview:-1"},"canonical":"http:\/\/lesnianski.com\/?page_id=616","og_locale":"pl_PL","og_type":"article","og_title":"Interior Design - Le\u015bnia\u0144ski Projektowanie","og_description":"[vc_row row_content_width=&#8221;grid&#8221; content_text_aligment=&#8221;center&#8221; css=&#8221;.vc_custom_1528881718945{padding-top: 157px !important;padding-bottom: 157px !important;}&#8221;][vc_column][\/vc_column][\/vc_row][vc_row row_content_width=&#8221;grid&#8221; css=&#8221;.vc_custom_1528881730195{padding-bottom: 59px !important;}&#8221;][vc_column][\/vc_column][\/vc_row]","og_url":"http:\/\/lesnianski.com\/?page_id=616","og_site_name":"Le\u015bnia\u0144ski Projektowanie","twitter_card":"summary_large_image","twitter_misc":{"Szacowany czas czytania":"1 minuta"},"schema":{"@context":"https:\/\/schema.org","@graph":[{"@type":"WebPage","@id":"http:\/\/lesnianski.com\/?page_id=616","url":"http:\/\/lesnianski.com\/?page_id=616","name":"Interior Design - Le\u015bnia\u0144ski Projektowanie","isPartOf":{"@id":"https:\/\/lesnianski.com\/#website"},"datePublished":"2018-05-09T11:28:43+00:00","dateModified":"2018-05-09T11:28:43+00:00","breadcrumb":{"@id":"http:\/\/lesnianski.com\/?page_id=616#breadcrumb"},"inLanguage":"pl-PL","potentialAction":[{"@type":"ReadAction","target":["http:\/\/lesnianski.com\/?page_id=616"]}]},{"@type":"BreadcrumbList","@id":"http:\/\/lesnianski.com\/?page_id=616#breadcrumb","itemListElement":[{"@type":"ListItem","position":1,"name":"Strona g\u0142\u00f3wna","item":"https:\/\/lesnianski.com\/"},{"@type":"ListItem","position":2,"name":"Interior Design"}]},{"@type":"WebSite","@id":"https:\/\/lesnianski.com\/#website","url":"https:\/\/lesnianski.com\/","name":"Le\u015bnia\u0144ski Projektowanie","description":"Le\u015bnia\u0144ski Projektowanie","potentialAction":[{"@type":"SearchAction","target":{"@type":"EntryPoint","urlTemplate":"https:\/\/lesnianski.com\/?s={search_term_string}"},"query-input":"required name=search_term_string"}],"inLanguage":"pl-PL"}]}},"_links":{"self":[{"href":"http:\/\/lesnianski.com\/index.php?rest_route=\/wp\/v2\/pages\/616","targetHints":{"allow":["GET"]}}],"collection":[{"href":"http:\/\/lesnianski.com\/index.php?rest_route=\/wp\/v2\/pages"}],"about":[{"href":"http:\/\/lesnianski.com\/index.php?rest_route=\/wp\/v2\/types\/page"}],"author":[{"embeddable":true,"href":"http:\/\/lesnianski.com\/index.php?rest_route=\/wp\/v2\/users\/1"}],"replies":[{"embeddable":true,"href":"http:\/\/lesnianski.com\/index.php?rest_route=%2Fwp%2Fv2%2Fcomments&post=616"}],"version-history":[{"count":0,"href":"http:\/\/lesnianski.com\/index.php?rest_route=\/wp\/v2\/pages\/616\/revisions"}],"wp:attachment":[{"href":"http:\/\/lesnianski.com\/index.php?rest_route=%2Fwp%2Fv2%2Fmedia&parent=616"}],"curies":[{"name":"wp","href":"https:\/\/api.w.org\/{rel}","templated":true}]}}